{"id":357,"date":"2024-03-18T05:50:07","date_gmt":"2024-03-18T04:50:07","guid":{"rendered":"https:\/\/juliarodriguezpsicologia.com\/personalizar-cookies\/"},"modified":"2024-03-18T05:50:07","modified_gmt":"2024-03-18T04:50:07","slug":"personalizar-cookies","status":"publish","type":"page","link":"https:\/\/juliarodriguezpsicologia.com\/en\/personalizar-cookies\/","title":{"rendered":"Personalizar Cookies"},"content":{"rendered":"<div>\n      <div id=\"custom-cookies-eu-label\">\n          El sitio Web https:\/\/juliarodriguezpsicologia.com utiliza cookies propias y de terceros para su correcto funcionamiento y para fines anal\u00edticos. Al hacer clic en el bot\u00f3n Aceptar, acepta el uso de estas tecnolog\u00edas y el procesamiento de sus datos para estos prop\u00f3sitos.          \n\n      <\/div>\n\n      <div id=\"custom-cookies-eu-buttons\" class=\"cookies-eu-buttons\">\n        <button id=\"custom-cookies-eu-reject\" class=\"cookies-eu-reject\">Rechazar<\/button>\n        <button id=\"custom-cookies-eu-accept\" class=\"cookies-eu-accept\">ACEPTAR TODAS LAS COOKIES<\/button><\/div>\n      <\/div>\n\n<br\/>\n<p>\n\tPuedes cambiar tus preferencias de cookies en cualquier momento si vuelves a la p\u00e1gina de Personalizar cookies, a la que puedes acceder a trav\u00e9s del Aviso de cookies. Para obtener m\u00e1s informaci\u00f3n sobre las cookies y c\u00f3mo las usamos, consulta la p\u00e1gina de <a href=\"https:\/\/juliarodriguezpsicologia.com\/en\/politica-de-cookies\/\">Pol\u00edtica de Cookies<\/a>.\n<\/p>\n\n<h3>Cookies t\u00e9cnicas<\/h3>\n<p>\n\tSon aquellas que permiten a los usuarios registrados navegar a trav\u00e9s del sitio Web, del \u00e1rea restringida y a utilizar sus diferentes funciones, como por ejemplo, el sistema de comentarios o el buscador y no pueden ser desactivadas.\n<\/p>\n\n<div class=\"custom-cookies-option\">\n  <h3>Cookies de an\u00e1lisis o medici\u00f3n<\/h3>\n  <span>\n    <input type=\"radio\" name=\"cookies-analytics-option\" value=\"true\" class=\"custom-cookies-radio\" data-consent=\"ANLTCS\" id=\"custom-cookies-accept-analytics\" >\n    <label for=\"custom-cookies-accept-analytics\">Activar<\/label>\n    &nbsp;&nbsp;\n    <input type=\"radio\" name=\"cookies-analytics-option\" value=\"false\" class=\"custom-cookies-radio\" data-consent=\"ANLTCS\" id=\"custom-cookies-reject-analytics\" \n    checked>\n    <label for=\"custom-cookies-reject-analytics\">Desactivar<\/label>\n<\/span>\n<\/div>\n\n<p>\n\tSon aquellas que, bien tratadas por el sitio Web o por terceros, permiten cuantificar el n\u00famero de usuarios y as\u00ed realizar la medici\u00f3n y an\u00e1lisis estad\u00edstico de la utilizaci\u00f3n que hacen los usuarios del sitio Web. Para ello se analiza la navegaci\u00f3n que realizas en este sitio Web con el fin de mejorarlo.\n<\/p>\n\n<div class=\"custom-cookies-option\">\n  <h3>Cookies sociales<\/h3>\n  <span>\n    <input type=\"radio\" name=\"cookies-social-option\" value=\"true\" class=\"custom-cookies-radio\" data-consent=\"SCLS\" id=\"custom-cookies-accept-social\" \n    >\n    <label for=\"custom-cookies-accept-social\">Activar<\/label>\n    &nbsp;&nbsp;\n    <input type=\"radio\" name=\"cookies-social-option\" value=\"false\" class=\"custom-cookies-radio\" data-consent=\"SCLS\" id=\"custom-cookies-reject-social\" \n    checked>\n    <label for=\"custom-cookies-reject-social\">Desactivar<\/label>\n<\/span>\n<\/div>\n\n<p>\n  Son establecidas por las plataformas de redes sociales para permitir a los usuarios compartir contenido con sus amigos y redes.  \n<\/p>","protected":false},"excerpt":{"rendered":"<p>El sitio Web https:\/\/juliarodriguezpsicologia.com utiliza cookies propias y de terceros para su correcto funcionamiento y para fines anal\u00edticos. Al hacer clic en el bot\u00f3n Aceptar, acepta el uso de estas tecnolog\u00edas y el procesamiento de sus datos para estos prop\u00f3sitos. Rechazar ACEPTAR TODAS LAS COOKIES Puedes cambiar tus preferencias de cookies en cualquier momento si [&hellip;]<\/p>","protected":false},"author":1,"featured_media":0,"parent":0,"menu_order":0,"comment_status":"closed","ping_status":"closed","template":"","meta":{"_monsterinsights_skip_tracking":false,"_monsterinsights_sitenote_active":false,"_monsterinsights_sitenote_note":"","_monsterinsights_sitenote_category":0,"_joinchat":[],"footnotes":""},"class_list":["post-357","page","type-page","status-publish","hentry"],"yoast_head":"<!-- This site is optimized with the Yoast SEO plugin v27.4 - https:\/\/yoast.com\/product\/yoast-seo-wordpress\/ -->\n<title>Personalizar Cookies - Julia Rodriguez Psicolog\u00eda<\/title>\n<meta name=\"robots\" content=\"index, follow, max-snippet:-1, max-image-preview:large, max-video-preview:-1\" \/>\n<link rel=\"canonical\" href=\"https:\/\/juliarodriguezpsicologia.com\/en\/personalizar-cookies\/\" \/>\n<meta property=\"og:locale\" content=\"en_GB\" \/>\n<meta property=\"og:type\" content=\"article\" \/>\n<meta property=\"og:title\" content=\"Personalizar Cookies - Julia Rodriguez Psicolog\u00eda\" \/>\n<meta property=\"og:description\" content=\"El sitio Web https:\/\/juliarodriguezpsicologia.com utiliza cookies propias y de terceros para su correcto funcionamiento y para fines anal\u00edticos. Al hacer clic en el bot\u00f3n Aceptar, acepta el uso de estas tecnolog\u00edas y el procesamiento de sus datos para estos prop\u00f3sitos. Rechazar ACEPTAR TODAS LAS COOKIES Puedes cambiar tus preferencias de cookies en cualquier momento si [&hellip;]\" \/>\n<meta property=\"og:url\" content=\"https:\/\/juliarodriguezpsicologia.com\/en\/personalizar-cookies\/\" \/>\n<meta property=\"og:site_name\" content=\"Julia Rodriguez Psicolog\u00eda\" \/>\n<meta property=\"article:publisher\" content=\"https:\/\/www.facebook.com\/profile.php?id=61559830103337\" \/>\n<meta name=\"twitter:card\" content=\"summary_large_image\" \/>\n<script type=\"application\/ld+json\" class=\"yoast-schema-graph\">{\"@context\":\"https:\\\/\\\/schema.org\",\"@graph\":[{\"@type\":\"WebPage\",\"@id\":\"https:\\\/\\\/juliarodriguezpsicologia.com\\\/personalizar-cookies\\\/\",\"url\":\"https:\\\/\\\/juliarodriguezpsicologia.com\\\/personalizar-cookies\\\/\",\"name\":\"Personalizar Cookies - Julia Rodriguez Psicolog\u00eda\",\"isPartOf\":{\"@id\":\"http:\\\/\\\/juliarodriguezpsicologia.com\\\/#website\"},\"datePublished\":\"2024-03-18T04:50:07+00:00\",\"breadcrumb\":{\"@id\":\"https:\\\/\\\/juliarodriguezpsicologia.com\\\/personalizar-cookies\\\/#breadcrumb\"},\"inLanguage\":\"en-GB\",\"potentialAction\":[{\"@type\":\"ReadAction\",\"target\":[\"https:\\\/\\\/juliarodriguezpsicologia.com\\\/personalizar-cookies\\\/\"]}]},{\"@type\":\"BreadcrumbList\",\"@id\":\"https:\\\/\\\/juliarodriguezpsicologia.com\\\/personalizar-cookies\\\/#breadcrumb\",\"itemListElement\":[{\"@type\":\"ListItem\",\"position\":1,\"name\":\"Portada\",\"item\":\"https:\\\/\\\/juliarodriguezpsicologia.com\\\/\"},{\"@type\":\"ListItem\",\"position\":2,\"name\":\"Personalizar Cookies\"}]},{\"@type\":\"WebSite\",\"@id\":\"http:\\\/\\\/juliarodriguezpsicologia.com\\\/#website\",\"url\":\"http:\\\/\\\/juliarodriguezpsicologia.com\\\/\",\"name\":\"Julia Rodriguez Psicolog\u00eda\",\"description\":\"Psicologa especializada en j\u00f3venes San Fernando y C\u00e1diz\",\"publisher\":{\"@id\":\"http:\\\/\\\/juliarodriguezpsicologia.com\\\/#organization\"},\"potentialAction\":[{\"@type\":\"SearchAction\",\"target\":{\"@type\":\"EntryPoint\",\"urlTemplate\":\"http:\\\/\\\/juliarodriguezpsicologia.com\\\/?s={search_term_string}\"},\"query-input\":{\"@type\":\"PropertyValueSpecification\",\"valueRequired\":true,\"valueName\":\"search_term_string\"}}],\"inLanguage\":\"en-GB\"},{\"@type\":\"Organization\",\"@id\":\"http:\\\/\\\/juliarodriguezpsicologia.com\\\/#organization\",\"name\":\"Julia Rodriguez Psicolog\u00eda\",\"url\":\"http:\\\/\\\/juliarodriguezpsicologia.com\\\/\",\"logo\":{\"@type\":\"ImageObject\",\"inLanguage\":\"en-GB\",\"@id\":\"http:\\\/\\\/juliarodriguezpsicologia.com\\\/#\\\/schema\\\/logo\\\/image\\\/\",\"url\":\"https:\\\/\\\/juliarodriguezpsicologia.com\\\/wp-content\\\/uploads\\\/2024\\\/02\\\/Julia-Rodriguez-Psicologa-NBG-e1707822654894.png\",\"contentUrl\":\"https:\\\/\\\/juliarodriguezpsicologia.com\\\/wp-content\\\/uploads\\\/2024\\\/02\\\/Julia-Rodriguez-Psicologa-NBG-e1707822654894.png\",\"width\":500,\"height\":193,\"caption\":\"Julia Rodriguez Psicolog\u00eda\"},\"image\":{\"@id\":\"http:\\\/\\\/juliarodriguezpsicologia.com\\\/#\\\/schema\\\/logo\\\/image\\\/\"},\"sameAs\":[\"https:\\\/\\\/www.facebook.com\\\/profile.php?id=61559830103337\",\"https:\\\/\\\/www.instagram.com\\\/juliarodriguezpsico\\\/\"]}]}<\/script>\n<!-- \/ Yoast SEO plugin. -->","yoast_head_json":{"title":"Personalizar Cookies - Julia Rodriguez Psicolog\u00eda","robots":{"index":"index","follow":"follow","max-snippet":"max-snippet:-1","max-image-preview":"max-image-preview:large","max-video-preview":"max-video-preview:-1"},"canonical":"https:\/\/juliarodriguezpsicologia.com\/en\/personalizar-cookies\/","og_locale":"en_GB","og_type":"article","og_title":"Personalizar Cookies - Julia Rodriguez Psicolog\u00eda","og_description":"El sitio Web https:\/\/juliarodriguezpsicologia.com utiliza cookies propias y de terceros para su correcto funcionamiento y para fines anal\u00edticos. Al hacer clic en el bot\u00f3n Aceptar, acepta el uso de estas tecnolog\u00edas y el procesamiento de sus datos para estos prop\u00f3sitos. Rechazar ACEPTAR TODAS LAS COOKIES Puedes cambiar tus preferencias de cookies en cualquier momento si [&hellip;]","og_url":"https:\/\/juliarodriguezpsicologia.com\/en\/personalizar-cookies\/","og_site_name":"Julia Rodriguez Psicolog\u00eda","article_publisher":"https:\/\/www.facebook.com\/profile.php?id=61559830103337","twitter_card":"summary_large_image","schema":{"@context":"https:\/\/schema.org","@graph":[{"@type":"WebPage","@id":"https:\/\/juliarodriguezpsicologia.com\/personalizar-cookies\/","url":"https:\/\/juliarodriguezpsicologia.com\/personalizar-cookies\/","name":"Personalizar Cookies - Julia Rodriguez Psicolog\u00eda","isPartOf":{"@id":"http:\/\/juliarodriguezpsicologia.com\/#website"},"datePublished":"2024-03-18T04:50:07+00:00","breadcrumb":{"@id":"https:\/\/juliarodriguezpsicologia.com\/personalizar-cookies\/#breadcrumb"},"inLanguage":"en-GB","potentialAction":[{"@type":"ReadAction","target":["https:\/\/juliarodriguezpsicologia.com\/personalizar-cookies\/"]}]},{"@type":"BreadcrumbList","@id":"https:\/\/juliarodriguezpsicologia.com\/personalizar-cookies\/#breadcrumb","itemListElement":[{"@type":"ListItem","position":1,"name":"Portada","item":"https:\/\/juliarodriguezpsicologia.com\/"},{"@type":"ListItem","position":2,"name":"Personalizar Cookies"}]},{"@type":"WebSite","@id":"http:\/\/juliarodriguezpsicologia.com\/#website","url":"http:\/\/juliarodriguezpsicologia.com\/","name":"Julia Rodriguez Psicolog\u00eda","description":"Psicologa especializada en j\u00f3venes San Fernando y C\u00e1diz","publisher":{"@id":"http:\/\/juliarodriguezpsicologia.com\/#organization"},"potentialAction":[{"@type":"SearchAction","target":{"@type":"EntryPoint","urlTemplate":"http:\/\/juliarodriguezpsicologia.com\/?s={search_term_string}"},"query-input":{"@type":"PropertyValueSpecification","valueRequired":true,"valueName":"search_term_string"}}],"inLanguage":"en-GB"},{"@type":"Organization","@id":"http:\/\/juliarodriguezpsicologia.com\/#organization","name":"Julia Rodriguez Psicolog\u00eda","url":"http:\/\/juliarodriguezpsicologia.com\/","logo":{"@type":"ImageObject","inLanguage":"en-GB","@id":"http:\/\/juliarodriguezpsicologia.com\/#\/schema\/logo\/image\/","url":"https:\/\/juliarodriguezpsicologia.com\/wp-content\/uploads\/2024\/02\/Julia-Rodriguez-Psicologa-NBG-e1707822654894.png","contentUrl":"https:\/\/juliarodriguezpsicologia.com\/wp-content\/uploads\/2024\/02\/Julia-Rodriguez-Psicologa-NBG-e1707822654894.png","width":500,"height":193,"caption":"Julia Rodriguez Psicolog\u00eda"},"image":{"@id":"http:\/\/juliarodriguezpsicologia.com\/#\/schema\/logo\/image\/"},"sameAs":["https:\/\/www.facebook.com\/profile.php?id=61559830103337","https:\/\/www.instagram.com\/juliarodriguezpsico\/"]}]}},"_links":{"self":[{"href":"https:\/\/juliarodriguezpsicologia.com\/en\/wp-json\/wp\/v2\/pages\/357","targetHints":{"allow":["GET"]}}],"collection":[{"href":"https:\/\/juliarodriguezpsicologia.com\/en\/wp-json\/wp\/v2\/pages"}],"about":[{"href":"https:\/\/juliarodriguezpsicologia.com\/en\/wp-json\/wp\/v2\/types\/page"}],"author":[{"embeddable":true,"href":"https:\/\/juliarodriguezpsicologia.com\/en\/wp-json\/wp\/v2\/users\/1"}],"replies":[{"embeddable":true,"href":"https:\/\/juliarodriguezpsicologia.com\/en\/wp-json\/wp\/v2\/comments?post=357"}],"version-history":[{"count":0,"href":"https:\/\/juliarodriguezpsicologia.com\/en\/wp-json\/wp\/v2\/pages\/357\/revisions"}],"wp:attachment":[{"href":"https:\/\/juliarodriguezpsicologia.com\/en\/wp-json\/wp\/v2\/media?parent=357"}],"curies":[{"name":"wp","href":"https:\/\/api.w.org\/{rel}","templated":true}]}}