{"id":362,"date":"2024-03-18T06:01:14","date_gmt":"2024-03-18T05:01:14","guid":{"rendered":"https:\/\/juliarodriguezpsicologia.com\/?page_id=362"},"modified":"2024-04-02T12:13:32","modified_gmt":"2024-04-02T10:13:32","slug":"declaracion-de-accesibilidad","status":"publish","type":"page","link":"https:\/\/juliarodriguezpsicologia.com\/en\/declaracion-de-accesibilidad\/","title":{"rendered":"Declaraci\u00f3n de accesibilidad"},"content":{"rendered":"<p>La presente declaraci\u00f3n de accesibilidad se aplica al sitio web <a href=\"https:\/\/juliarodriguezpsicologia.com\/en\/\" target=\"_new\" rel=\"noopener\">https:\/\/juliarodriguezpsicologia.com<\/a> y a todas las p\u00e1ginas web y contenidos alojados en \u00e9l.<\/p>\n<p><strong>Situaci\u00f3n de cumplimiento<\/strong><\/p>\n<p>Este sitio web cumple plenamente con la legislaci\u00f3n nacional.<\/p>\n<p><strong>Preparaci\u00f3n de la presente declaraci\u00f3n de accesibilidad<\/strong><\/p>\n<p>Esta declaraci\u00f3n fue preparada el 15 de marzo de 2024, siguiendo el m\u00e9todo mencionado en el art\u00edculo 3, apartado 1, de la Decisi\u00f3n de Ejecuci\u00f3n (UE) 2018\/1523 de la Comisi\u00f3n.<\/p>\n<p><strong>\u00daltima revisi\u00f3n de la declaraci\u00f3n<\/strong><\/p>\n<p>La \u00faltima revisi\u00f3n de esta declaraci\u00f3n se realiz\u00f3 el 15 de marzo de 2024.<\/p>\n<p><strong>Observaciones y datos de contacto<\/strong><\/p>\n<p>Para cualquier consulta relacionada con los requisitos de accesibilidad de este sitio web o para solicitar informaci\u00f3n o contenidos no cubiertos por la Directiva, por favor, contacte a Julia Rodr\u00edguez S\u00e1nchez mediante:<\/p>\n<ul>\n<li>Email: <a target=\"_new\" rel=\"noopener\">info@juliarodriguezpsicologia.com<\/a> o <a target=\"_new\" rel=\"noopener\">juliarodriguezpsico@gmail.com<\/a><\/li>\n<li>Direcci\u00f3n: Calle H\u00e9roes del Baleares 13, San Fernando, C\u00e1diz, 11100, Espa\u00f1a<\/li>\n<li>NIF: 49078243S<\/li>\n<\/ul>\n<p><strong>Procedimiento de aplicaci\u00f3n<\/strong><\/p>\n<p>Si la respuesta recibida a trav\u00e9s de los medios de contacto mencionados no resulta satisfactoria, o si necesita realizar alguna solicitud espec\u00edfica, por favor, utilice el formulario de contacto disponible en el siguiente enlace: <a href=\"https:\/\/juliarodriguezpsicologia.com\/en\/contacto\/\">https:\/\/juliarodriguezpsicologia.com\/contacto\/<\/a><\/p>\n<p>En caso de necesidad, puede tambi\u00e9n dirigirse al organismo de ejecuci\u00f3n pertinente, cuyos datos de contacto se encuentran disponibles en la p\u00e1gina web de la entidad responsable de la accesibilidad en Espa\u00f1a: <a href=\"https:\/\/www.seg-social.es\/wps\/portal\/wss\/internet\/Trabajadores\/InformacionRelevante\/30413\/30903\" target=\"_new\" rel=\"noopener\">https:\/\/www.seg-social.es\/wps\/portal\/wss\/internet\/Trabajadores\/InformacionRelevante\/30413\/30903<\/a>.<\/p>\n<p>Esta declaraci\u00f3n se ha preparado con el compromiso de garantizar una accesibilidad universal, permitiendo a todos los usuarios navegar, entender y operar eficientemente dentro del sitio web.<\/p>","protected":false},"excerpt":{"rendered":"<p>La presente declaraci\u00f3n de accesibilidad se aplica al sitio web https:\/\/juliarodriguezpsicologia.com y a todas las p\u00e1ginas web y contenidos alojados en \u00e9l. Situaci\u00f3n de cumplimiento Este sitio web cumple plenamente con la legislaci\u00f3n nacional. Preparaci\u00f3n de la presente declaraci\u00f3n de accesibilidad Esta declaraci\u00f3n fue preparada el 15 de marzo de 2024, siguiendo el m\u00e9todo mencionado [&hellip;]<\/p>","protected":false},"author":1,"featured_media":0,"parent":0,"menu_order":0,"comment_status":"closed","ping_status":"closed","template":"","meta":{"_monsterinsights_skip_tracking":false,"_monsterinsights_sitenote_active":false,"_monsterinsights_sitenote_note":"","_monsterinsights_sitenote_category":0,"_joinchat":[],"footnotes":""},"class_list":["post-362","page","type-page","status-publish","hentry"],"yoast_head":"<!-- This site is optimized with the Yoast SEO plugin v27.5 - https:\/\/yoast.com\/product\/yoast-seo-wordpress\/ -->\n<title>Declaraci\u00f3n de accesibilidad - Julia Rodriguez Psicolog\u00eda<\/title>\n<meta name=\"robots\" content=\"index, follow, max-snippet:-1, max-image-preview:large, max-video-preview:-1\" \/>\n<link rel=\"canonical\" href=\"https:\/\/juliarodriguezpsicologia.com\/en\/declaracion-de-accesibilidad\/\" \/>\n<meta property=\"og:locale\" content=\"en_GB\" \/>\n<meta property=\"og:type\" content=\"article\" \/>\n<meta property=\"og:title\" content=\"Declaraci\u00f3n de accesibilidad - Julia Rodriguez Psicolog\u00eda\" \/>\n<meta property=\"og:description\" content=\"La presente declaraci\u00f3n de accesibilidad se aplica al sitio web https:\/\/juliarodriguezpsicologia.com y a todas las p\u00e1ginas web y contenidos alojados en \u00e9l. Situaci\u00f3n de cumplimiento Este sitio web cumple plenamente con la legislaci\u00f3n nacional. Preparaci\u00f3n de la presente declaraci\u00f3n de accesibilidad Esta declaraci\u00f3n fue preparada el 15 de marzo de 2024, siguiendo el m\u00e9todo mencionado [&hellip;]\" \/>\n<meta property=\"og:url\" content=\"https:\/\/juliarodriguezpsicologia.com\/en\/declaracion-de-accesibilidad\/\" \/>\n<meta property=\"og:site_name\" content=\"Julia Rodriguez Psicolog\u00eda\" \/>\n<meta property=\"article:publisher\" content=\"https:\/\/www.facebook.com\/profile.php?id=61559830103337\" \/>\n<meta property=\"article:modified_time\" content=\"2024-04-02T10:13:32+00:00\" \/>\n<meta name=\"twitter:card\" content=\"summary_large_image\" \/>\n<meta name=\"twitter:label1\" content=\"Estimated reading time\" \/>\n\t<meta name=\"twitter:data1\" content=\"2 minutes\" \/>\n<script type=\"application\/ld+json\" class=\"yoast-schema-graph\">{\"@context\":\"https:\\\/\\\/schema.org\",\"@graph\":[{\"@type\":\"WebPage\",\"@id\":\"https:\\\/\\\/juliarodriguezpsicologia.com\\\/declaracion-de-accesibilidad\\\/\",\"url\":\"https:\\\/\\\/juliarodriguezpsicologia.com\\\/declaracion-de-accesibilidad\\\/\",\"name\":\"Declaraci\u00f3n de accesibilidad - Julia Rodriguez Psicolog\u00eda\",\"isPartOf\":{\"@id\":\"http:\\\/\\\/juliarodriguezpsicologia.com\\\/#website\"},\"datePublished\":\"2024-03-18T05:01:14+00:00\",\"dateModified\":\"2024-04-02T10:13:32+00:00\",\"breadcrumb\":{\"@id\":\"https:\\\/\\\/juliarodriguezpsicologia.com\\\/declaracion-de-accesibilidad\\\/#breadcrumb\"},\"inLanguage\":\"en-GB\",\"potentialAction\":[{\"@type\":\"ReadAction\",\"target\":[\"https:\\\/\\\/juliarodriguezpsicologia.com\\\/declaracion-de-accesibilidad\\\/\"]}]},{\"@type\":\"BreadcrumbList\",\"@id\":\"https:\\\/\\\/juliarodriguezpsicologia.com\\\/declaracion-de-accesibilidad\\\/#breadcrumb\",\"itemListElement\":[{\"@type\":\"ListItem\",\"position\":1,\"name\":\"Portada\",\"item\":\"https:\\\/\\\/juliarodriguezpsicologia.com\\\/\"},{\"@type\":\"ListItem\",\"position\":2,\"name\":\"Declaraci\u00f3n de accesibilidad\"}]},{\"@type\":\"WebSite\",\"@id\":\"http:\\\/\\\/juliarodriguezpsicologia.com\\\/#website\",\"url\":\"http:\\\/\\\/juliarodriguezpsicologia.com\\\/\",\"name\":\"Julia Rodriguez Psicolog\u00eda\",\"description\":\"Psicologa especializada en j\u00f3venes San Fernando y C\u00e1diz\",\"publisher\":{\"@id\":\"http:\\\/\\\/juliarodriguezpsicologia.com\\\/#organization\"},\"potentialAction\":[{\"@type\":\"SearchAction\",\"target\":{\"@type\":\"EntryPoint\",\"urlTemplate\":\"http:\\\/\\\/juliarodriguezpsicologia.com\\\/?s={search_term_string}\"},\"query-input\":{\"@type\":\"PropertyValueSpecification\",\"valueRequired\":true,\"valueName\":\"search_term_string\"}}],\"inLanguage\":\"en-GB\"},{\"@type\":\"Organization\",\"@id\":\"http:\\\/\\\/juliarodriguezpsicologia.com\\\/#organization\",\"name\":\"Julia Rodriguez Psicolog\u00eda\",\"url\":\"http:\\\/\\\/juliarodriguezpsicologia.com\\\/\",\"logo\":{\"@type\":\"ImageObject\",\"inLanguage\":\"en-GB\",\"@id\":\"http:\\\/\\\/juliarodriguezpsicologia.com\\\/#\\\/schema\\\/logo\\\/image\\\/\",\"url\":\"https:\\\/\\\/juliarodriguezpsicologia.com\\\/wp-content\\\/uploads\\\/2024\\\/02\\\/Julia-Rodriguez-Psicologa-NBG-e1707822654894.png\",\"contentUrl\":\"https:\\\/\\\/juliarodriguezpsicologia.com\\\/wp-content\\\/uploads\\\/2024\\\/02\\\/Julia-Rodriguez-Psicologa-NBG-e1707822654894.png\",\"width\":500,\"height\":193,\"caption\":\"Julia Rodriguez Psicolog\u00eda\"},\"image\":{\"@id\":\"http:\\\/\\\/juliarodriguezpsicologia.com\\\/#\\\/schema\\\/logo\\\/image\\\/\"},\"sameAs\":[\"https:\\\/\\\/www.facebook.com\\\/profile.php?id=61559830103337\",\"https:\\\/\\\/www.instagram.com\\\/juliarodriguezpsico\\\/\"]}]}<\/script>\n<!-- \/ Yoast SEO plugin. -->","yoast_head_json":{"title":"Declaraci\u00f3n de accesibilidad - Julia Rodriguez Psicolog\u00eda","robots":{"index":"index","follow":"follow","max-snippet":"max-snippet:-1","max-image-preview":"max-image-preview:large","max-video-preview":"max-video-preview:-1"},"canonical":"https:\/\/juliarodriguezpsicologia.com\/en\/declaracion-de-accesibilidad\/","og_locale":"en_GB","og_type":"article","og_title":"Declaraci\u00f3n de accesibilidad - Julia Rodriguez Psicolog\u00eda","og_description":"La presente declaraci\u00f3n de accesibilidad se aplica al sitio web https:\/\/juliarodriguezpsicologia.com y a todas las p\u00e1ginas web y contenidos alojados en \u00e9l. Situaci\u00f3n de cumplimiento Este sitio web cumple plenamente con la legislaci\u00f3n nacional. Preparaci\u00f3n de la presente declaraci\u00f3n de accesibilidad Esta declaraci\u00f3n fue preparada el 15 de marzo de 2024, siguiendo el m\u00e9todo mencionado [&hellip;]","og_url":"https:\/\/juliarodriguezpsicologia.com\/en\/declaracion-de-accesibilidad\/","og_site_name":"Julia Rodriguez Psicolog\u00eda","article_publisher":"https:\/\/www.facebook.com\/profile.php?id=61559830103337","article_modified_time":"2024-04-02T10:13:32+00:00","twitter_card":"summary_large_image","twitter_misc":{"Estimated reading time":"2 minutes"},"schema":{"@context":"https:\/\/schema.org","@graph":[{"@type":"WebPage","@id":"https:\/\/juliarodriguezpsicologia.com\/declaracion-de-accesibilidad\/","url":"https:\/\/juliarodriguezpsicologia.com\/declaracion-de-accesibilidad\/","name":"Declaraci\u00f3n de accesibilidad - Julia Rodriguez Psicolog\u00eda","isPartOf":{"@id":"http:\/\/juliarodriguezpsicologia.com\/#website"},"datePublished":"2024-03-18T05:01:14+00:00","dateModified":"2024-04-02T10:13:32+00:00","breadcrumb":{"@id":"https:\/\/juliarodriguezpsicologia.com\/declaracion-de-accesibilidad\/#breadcrumb"},"inLanguage":"en-GB","potentialAction":[{"@type":"ReadAction","target":["https:\/\/juliarodriguezpsicologia.com\/declaracion-de-accesibilidad\/"]}]},{"@type":"BreadcrumbList","@id":"https:\/\/juliarodriguezpsicologia.com\/declaracion-de-accesibilidad\/#breadcrumb","itemListElement":[{"@type":"ListItem","position":1,"name":"Portada","item":"https:\/\/juliarodriguezpsicologia.com\/"},{"@type":"ListItem","position":2,"name":"Declaraci\u00f3n de accesibilidad"}]},{"@type":"WebSite","@id":"http:\/\/juliarodriguezpsicologia.com\/#website","url":"http:\/\/juliarodriguezpsicologia.com\/","name":"Julia Rodriguez Psicolog\u00eda","description":"Psicologa especializada en j\u00f3venes San Fernando y C\u00e1diz","publisher":{"@id":"http:\/\/juliarodriguezpsicologia.com\/#organization"},"potentialAction":[{"@type":"SearchAction","target":{"@type":"EntryPoint","urlTemplate":"http:\/\/juliarodriguezpsicologia.com\/?s={search_term_string}"},"query-input":{"@type":"PropertyValueSpecification","valueRequired":true,"valueName":"search_term_string"}}],"inLanguage":"en-GB"},{"@type":"Organization","@id":"http:\/\/juliarodriguezpsicologia.com\/#organization","name":"Julia Rodriguez Psicolog\u00eda","url":"http:\/\/juliarodriguezpsicologia.com\/","logo":{"@type":"ImageObject","inLanguage":"en-GB","@id":"http:\/\/juliarodriguezpsicologia.com\/#\/schema\/logo\/image\/","url":"https:\/\/juliarodriguezpsicologia.com\/wp-content\/uploads\/2024\/02\/Julia-Rodriguez-Psicologa-NBG-e1707822654894.png","contentUrl":"https:\/\/juliarodriguezpsicologia.com\/wp-content\/uploads\/2024\/02\/Julia-Rodriguez-Psicologa-NBG-e1707822654894.png","width":500,"height":193,"caption":"Julia Rodriguez Psicolog\u00eda"},"image":{"@id":"http:\/\/juliarodriguezpsicologia.com\/#\/schema\/logo\/image\/"},"sameAs":["https:\/\/www.facebook.com\/profile.php?id=61559830103337","https:\/\/www.instagram.com\/juliarodriguezpsico\/"]}]}},"_links":{"self":[{"href":"https:\/\/juliarodriguezpsicologia.com\/en\/wp-json\/wp\/v2\/pages\/362","targetHints":{"allow":["GET"]}}],"collection":[{"href":"https:\/\/juliarodriguezpsicologia.com\/en\/wp-json\/wp\/v2\/pages"}],"about":[{"href":"https:\/\/juliarodriguezpsicologia.com\/en\/wp-json\/wp\/v2\/types\/page"}],"author":[{"embeddable":true,"href":"https:\/\/juliarodriguezpsicologia.com\/en\/wp-json\/wp\/v2\/users\/1"}],"replies":[{"embeddable":true,"href":"https:\/\/juliarodriguezpsicologia.com\/en\/wp-json\/wp\/v2\/comments?post=362"}],"version-history":[{"count":6,"href":"https:\/\/juliarodriguezpsicologia.com\/en\/wp-json\/wp\/v2\/pages\/362\/revisions"}],"predecessor-version":[{"id":402,"href":"https:\/\/juliarodriguezpsicologia.com\/en\/wp-json\/wp\/v2\/pages\/362\/revisions\/402"}],"wp:attachment":[{"href":"https:\/\/juliarodriguezpsicologia.com\/en\/wp-json\/wp\/v2\/media?parent=362"}],"curies":[{"name":"wp","href":"https:\/\/api.w.org\/{rel}","templated":true}]}}